{"id":2003,"date":"2025-10-25T19:56:09","date_gmt":"2025-10-25T22:56:09","guid":{"rendered":"https:\/\/escolasabatinaonline.com.br\/site\/?post_type=product&#038;p=2003"},"modified":"2025-10-25T20:30:11","modified_gmt":"2025-10-25T23:30:11","slug":"conselhos-sobre-a-escola-sabatina","status":"publish","type":"product","link":"https:\/\/escolasabatinaonline.com.br\/site\/produto\/conselhos-sobre-a-escola-sabatina\/","title":{"rendered":"Conselhos Sobre a Escola Sabatina (Edi\u00e7\u00e3o Atualizada &#8211; Capa Dura)"},"content":{"rendered":"<p>Todos os s\u00e1bados, milh\u00f5es de pessoas no mundo inteiro se re\u00fanem para compartilhar o que aprenderam ao longo da semana em seu estudo di\u00e1rio da B\u00edblia. Apesar da imensa diversidade cultural e das dist\u00e2ncias geogr\u00e1ficas, todos esses estudantes fazem parte da mesma escola.<\/p>\n<p>Desde 1853, a Escola Sabatina tem sido um poderoso instrumento para promover o crescimento espiritual, a forma\u00e7\u00e3o de disc\u00edpulos e o preparo mission\u00e1rio, capacitando homens e mulheres, crian\u00e7as e jovens para ser canais de salva\u00e7\u00e3o.<\/p>\n<p>Neste livro, a autora esbo\u00e7a os fundamentos desse importante minist\u00e9rio e fornece instru\u00e7\u00f5es que, se seguidas, trar\u00e3o resultados surpreendentes.<\/p>\n","protected":false},"excerpt":{"rendered":"<p>Conselhos Sobre a Escola Sabatina \u2013 Ellen G. White | A Escola Sabatina tem sido um poderoso instrumento para promover o crescimento espiritual, a forma\u00e7\u00e3o de disc\u00edpulos e o preparo mission\u00e1rio. P\u00e1ginas: 112 | Acabamento: Capa dura<\/p>\n","protected":false},"featured_media":2004,"comment_status":"open","ping_status":"closed","template":"","meta":{"site-sidebar-layout":"default","site-content-layout":"","ast-site-content-layout":"default","site-content-style":"default","site-sidebar-style":"default","ast-global-header-display":"","ast-banner-title-visibility":"","ast-main-header-display":"","ast-hfb-above-header-display":"","ast-hfb-below-header-display":"","ast-hfb-mobile-header-display":"","site-post-title":"","ast-breadcrumbs-content":"","ast-featured-img":"","footer-sml-layout":"","ast-disable-related-posts":"","theme-transparent-header-meta":"default","adv-header-id-meta":"","stick-header-meta":"","header-above-stick-meta":"","header-main-stick-meta":"","header-below-stick-meta":"","astra-migrate-meta-layouts":"set","ast-page-background-enabled":"default","ast-page-background-meta":{"desktop":{"background-color":"var(--ast-global-color-5)","background-image":"","background-repeat":"repeat","background-position":"center center","background-size":"auto","background-attachment":"scroll","background-type":"","background-media":"","overlay-type":"","overlay-color":"","overlay-opacity":"","overlay-gradient":""},"tablet":{"background-color":"","background-image":"","background-repeat":"repeat","background-position":"center center","background-size":"auto","background-attachment":"scroll","background-type":"","background-media":"","overlay-type":"","overlay-color":"","overlay-opacity":"","overlay-gradient":""},"mobile":{"background-color":"","background-image":"","background-repeat":"repeat","background-position":"center center","background-size":"auto","background-attachment":"scroll","background-type":"","background-media":"","overlay-type":"","overlay-color":"","overlay-opacity":"","overlay-gradient":""}},"ast-content-background-meta":{"desktop":{"background-color":"var(--ast-global-color-4)","background-image":"","background-repeat":"repeat","background-position":"center center","background-size":"auto","background-attachment":"scroll","background-type":"","background-media":"","overlay-type":"","overlay-color":"","overlay-opacity":"","overlay-gradient":""},"tablet":{"background-color":"var(--ast-global-color-4)","background-image":"","background-repeat":"repeat","background-position":"center center","background-size":"auto","background-attachment":"scroll","background-type":"","background-media":"","overlay-type":"","overlay-color":"","overlay-opacity":"","overlay-gradient":""},"mobile":{"background-color":"var(--ast-global-color-4)","background-image":"","background-repeat":"repeat","background-position":"center center","background-size":"auto","background-attachment":"scroll","background-type":"","background-media":"","overlay-type":"","overlay-color":"","overlay-opacity":"","overlay-gradient":""}},"_joinchat":[]},"product_brand":[],"product_cat":[37],"product_tag":[39,38,29],"class_list":{"0":"post-2003","1":"product","2":"type-product","3":"status-publish","4":"has-post-thumbnail","6":"product_cat-manuais","7":"product_tag-conselhos-sobre-a-escola-sabatina","8":"product_tag-ellen-g-white","9":"product_tag-livro","10":"desktop-align-left","11":"tablet-align-left","12":"mobile-align-left","14":"first","15":"instock","16":"shipping-taxable","17":"purchasable","18":"product-type-simple"},"yoast_head":"<!-- This site is optimized with the Yoast SEO plugin v27.0 - https:\/\/yoast.com\/product\/yoast-seo-wordpress\/ -->\n<title>Conselhos Sobre a Escola Sabatina (Edi\u00e7\u00e3o Atualizada - Capa Dura) - Escola Sabatina Online<\/title>\n<meta name=\"description\" content=\"O livro foi escrito para confortar os que vivem angustiados e responder aos porqu\u00eas da vida, mostrando que, embora aqui tudo falhe, nem tudo est\u00e1 perdido, porque a impossibilidade do homem indica a oportunidade de Deus.\" \/>\n<meta name=\"robots\" content=\"index, follow, max-snippet:-1, max-image-preview:large, max-video-preview:-1\" \/>\n<link rel=\"canonical\" href=\"https:\/\/escolasabatinaonline.com.br\/site\/produto\/conselhos-sobre-a-escola-sabatina\/\" \/>\n<meta property=\"og:locale\" content=\"pt_BR\" \/>\n<meta property=\"og:type\" content=\"article\" \/>\n<meta property=\"og:title\" content=\"Conselhos Sobre a Escola Sabatina (Edi\u00e7\u00e3o Atualizada - Capa Dura) - Escola Sabatina Online\" \/>\n<meta property=\"og:description\" content=\"O livro foi escrito para confortar os que vivem angustiados e responder aos porqu\u00eas da vida, mostrando que, embora aqui tudo falhe, nem tudo est\u00e1 perdido, porque a impossibilidade do homem indica a oportunidade de Deus.\" \/>\n<meta property=\"og:url\" content=\"https:\/\/escolasabatinaonline.com.br\/site\/produto\/conselhos-sobre-a-escola-sabatina\/\" \/>\n<meta property=\"og:site_name\" content=\"Escola Sabatina Online\" \/>\n<meta property=\"article:modified_time\" content=\"2025-10-25T23:30:11+00:00\" \/>\n<meta property=\"og:image\" content=\"https:\/\/escolasabatinaonline.com.br\/site\/wp-content\/uploads\/2025\/10\/cses.png\" \/>\n\t<meta property=\"og:image:width\" content=\"340\" \/>\n\t<meta property=\"og:image:height\" content=\"510\" \/>\n\t<meta property=\"og:image:type\" content=\"image\/png\" \/>\n<meta name=\"twitter:card\" content=\"summary_large_image\" \/>\n<meta name=\"twitter:label1\" content=\"Est. tempo de leitura\" \/>\n\t<meta name=\"twitter:data1\" content=\"1 minuto\" \/>\n<script type=\"application\/ld+json\" class=\"yoast-schema-graph\">{\"@context\":\"https:\/\/schema.org\",\"@graph\":[{\"@type\":\"WebPage\",\"@id\":\"https:\/\/escolasabatinaonline.com.br\/site\/produto\/conselhos-sobre-a-escola-sabatina\/\",\"url\":\"https:\/\/escolasabatinaonline.com.br\/site\/produto\/conselhos-sobre-a-escola-sabatina\/\",\"name\":\"Conselhos Sobre a Escola Sabatina (Edi\u00e7\u00e3o Atualizada - Capa Dura) - Escola Sabatina Online\",\"isPartOf\":{\"@id\":\"https:\/\/escolasabatinaonline.com.br\/site\/#website\"},\"primaryImageOfPage\":{\"@id\":\"https:\/\/escolasabatinaonline.com.br\/site\/produto\/conselhos-sobre-a-escola-sabatina\/#primaryimage\"},\"image\":{\"@id\":\"https:\/\/escolasabatinaonline.com.br\/site\/produto\/conselhos-sobre-a-escola-sabatina\/#primaryimage\"},\"thumbnailUrl\":\"https:\/\/escolasabatinaonline.com.br\/site\/wp-content\/uploads\/2025\/10\/cses.png\",\"datePublished\":\"2025-10-25T22:56:09+00:00\",\"dateModified\":\"2025-10-25T23:30:11+00:00\",\"description\":\"O livro foi escrito para confortar os que vivem angustiados e responder aos porqu\u00eas da vida, mostrando que, embora aqui tudo falhe, nem tudo est\u00e1 perdido, porque a impossibilidade do homem indica a oportunidade de Deus.\",\"breadcrumb\":{\"@id\":\"https:\/\/escolasabatinaonline.com.br\/site\/produto\/conselhos-sobre-a-escola-sabatina\/#breadcrumb\"},\"inLanguage\":\"pt-BR\",\"potentialAction\":[{\"@type\":\"ReadAction\",\"target\":[\"https:\/\/escolasabatinaonline.com.br\/site\/produto\/conselhos-sobre-a-escola-sabatina\/\"]}]},{\"@type\":\"ImageObject\",\"inLanguage\":\"pt-BR\",\"@id\":\"https:\/\/escolasabatinaonline.com.br\/site\/produto\/conselhos-sobre-a-escola-sabatina\/#primaryimage\",\"url\":\"https:\/\/escolasabatinaonline.com.br\/site\/wp-content\/uploads\/2025\/10\/cses.png\",\"contentUrl\":\"https:\/\/escolasabatinaonline.com.br\/site\/wp-content\/uploads\/2025\/10\/cses.png\",\"width\":340,\"height\":510,\"caption\":\"Conselhos Sobre a Escola Sabatina\"},{\"@type\":\"BreadcrumbList\",\"@id\":\"https:\/\/escolasabatinaonline.com.br\/site\/produto\/conselhos-sobre-a-escola-sabatina\/#breadcrumb\",\"itemListElement\":[{\"@type\":\"ListItem\",\"position\":1,\"name\":\"In\u00edcio\",\"item\":\"https:\/\/escolasabatinaonline.com.br\/site\/\"},{\"@type\":\"ListItem\",\"position\":2,\"name\":\"Loja\",\"item\":\"https:\/\/escolasabatinaonline.com.br\/site\/loja\/\"},{\"@type\":\"ListItem\",\"position\":3,\"name\":\"Conselhos Sobre a Escola Sabatina (Edi\u00e7\u00e3o Atualizada &#8211; Capa Dura)\"}]},{\"@type\":\"WebSite\",\"@id\":\"https:\/\/escolasabatinaonline.com.br\/site\/#website\",\"url\":\"https:\/\/escolasabatinaonline.com.br\/site\/\",\"name\":\"Escola Sabatina Online\",\"description\":\"Um help para a escola sabatina de sua igreja!\",\"publisher\":{\"@id\":\"https:\/\/escolasabatinaonline.com.br\/site\/#organization\"},\"potentialAction\":[{\"@type\":\"SearchAction\",\"target\":{\"@type\":\"EntryPoint\",\"urlTemplate\":\"https:\/\/escolasabatinaonline.com.br\/site\/?s={search_term_string}\"},\"query-input\":{\"@type\":\"PropertyValueSpecification\",\"valueRequired\":true,\"valueName\":\"search_term_string\"}}],\"inLanguage\":\"pt-BR\"},{\"@type\":\"Organization\",\"@id\":\"https:\/\/escolasabatinaonline.com.br\/site\/#organization\",\"name\":\"Escola Sabatina Online\",\"url\":\"https:\/\/escolasabatinaonline.com.br\/site\/\",\"logo\":{\"@type\":\"ImageObject\",\"inLanguage\":\"pt-BR\",\"@id\":\"https:\/\/escolasabatinaonline.com.br\/site\/#\/schema\/logo\/image\/\",\"url\":\"https:\/\/escolasabatinaonline.com.br\/site\/wp-content\/uploads\/2025\/04\/logo.png\",\"contentUrl\":\"https:\/\/escolasabatinaonline.com.br\/site\/wp-content\/uploads\/2025\/04\/logo.png\",\"width\":225,\"height\":225,\"caption\":\"Escola Sabatina Online\"},\"image\":{\"@id\":\"https:\/\/escolasabatinaonline.com.br\/site\/#\/schema\/logo\/image\/\"}}]}<\/script>\n<!-- \/ Yoast SEO plugin. -->","yoast_head_json":{"title":"Conselhos Sobre a Escola Sabatina (Edi\u00e7\u00e3o Atualizada - Capa Dura) - Escola Sabatina Online","description":"O livro foi escrito para confortar os que vivem angustiados e responder aos porqu\u00eas da vida, mostrando que, embora aqui tudo falhe, nem tudo est\u00e1 perdido, porque a impossibilidade do homem indica a oportunidade de Deus.","robots":{"index":"index","follow":"follow","max-snippet":"max-snippet:-1","max-image-preview":"max-image-preview:large","max-video-preview":"max-video-preview:-1"},"canonical":"https:\/\/escolasabatinaonline.com.br\/site\/produto\/conselhos-sobre-a-escola-sabatina\/","og_locale":"pt_BR","og_type":"article","og_title":"Conselhos Sobre a Escola Sabatina (Edi\u00e7\u00e3o Atualizada - Capa Dura) - Escola Sabatina Online","og_description":"O livro foi escrito para confortar os que vivem angustiados e responder aos porqu\u00eas da vida, mostrando que, embora aqui tudo falhe, nem tudo est\u00e1 perdido, porque a impossibilidade do homem indica a oportunidade de Deus.","og_url":"https:\/\/escolasabatinaonline.com.br\/site\/produto\/conselhos-sobre-a-escola-sabatina\/","og_site_name":"Escola Sabatina Online","article_modified_time":"2025-10-25T23:30:11+00:00","og_image":[{"width":340,"height":510,"url":"https:\/\/escolasabatinaonline.com.br\/site\/wp-content\/uploads\/2025\/10\/cses.png","type":"image\/png"}],"twitter_card":"summary_large_image","twitter_misc":{"Est. tempo de leitura":"1 minuto"},"schema":{"@context":"https:\/\/schema.org","@graph":[{"@type":"WebPage","@id":"https:\/\/escolasabatinaonline.com.br\/site\/produto\/conselhos-sobre-a-escola-sabatina\/","url":"https:\/\/escolasabatinaonline.com.br\/site\/produto\/conselhos-sobre-a-escola-sabatina\/","name":"Conselhos Sobre a Escola Sabatina (Edi\u00e7\u00e3o Atualizada - Capa Dura) - Escola Sabatina Online","isPartOf":{"@id":"https:\/\/escolasabatinaonline.com.br\/site\/#website"},"primaryImageOfPage":{"@id":"https:\/\/escolasabatinaonline.com.br\/site\/produto\/conselhos-sobre-a-escola-sabatina\/#primaryimage"},"image":{"@id":"https:\/\/escolasabatinaonline.com.br\/site\/produto\/conselhos-sobre-a-escola-sabatina\/#primaryimage"},"thumbnailUrl":"https:\/\/escolasabatinaonline.com.br\/site\/wp-content\/uploads\/2025\/10\/cses.png","datePublished":"2025-10-25T22:56:09+00:00","dateModified":"2025-10-25T23:30:11+00:00","description":"O livro foi escrito para confortar os que vivem angustiados e responder aos porqu\u00eas da vida, mostrando que, embora aqui tudo falhe, nem tudo est\u00e1 perdido, porque a impossibilidade do homem indica a oportunidade de Deus.","breadcrumb":{"@id":"https:\/\/escolasabatinaonline.com.br\/site\/produto\/conselhos-sobre-a-escola-sabatina\/#breadcrumb"},"inLanguage":"pt-BR","potentialAction":[{"@type":"ReadAction","target":["https:\/\/escolasabatinaonline.com.br\/site\/produto\/conselhos-sobre-a-escola-sabatina\/"]}]},{"@type":"ImageObject","inLanguage":"pt-BR","@id":"https:\/\/escolasabatinaonline.com.br\/site\/produto\/conselhos-sobre-a-escola-sabatina\/#primaryimage","url":"https:\/\/escolasabatinaonline.com.br\/site\/wp-content\/uploads\/2025\/10\/cses.png","contentUrl":"https:\/\/escolasabatinaonline.com.br\/site\/wp-content\/uploads\/2025\/10\/cses.png","width":340,"height":510,"caption":"Conselhos Sobre a Escola Sabatina"},{"@type":"BreadcrumbList","@id":"https:\/\/escolasabatinaonline.com.br\/site\/produto\/conselhos-sobre-a-escola-sabatina\/#breadcrumb","itemListElement":[{"@type":"ListItem","position":1,"name":"In\u00edcio","item":"https:\/\/escolasabatinaonline.com.br\/site\/"},{"@type":"ListItem","position":2,"name":"Loja","item":"https:\/\/escolasabatinaonline.com.br\/site\/loja\/"},{"@type":"ListItem","position":3,"name":"Conselhos Sobre a Escola Sabatina (Edi\u00e7\u00e3o Atualizada &#8211; Capa Dura)"}]},{"@type":"WebSite","@id":"https:\/\/escolasabatinaonline.com.br\/site\/#website","url":"https:\/\/escolasabatinaonline.com.br\/site\/","name":"Escola Sabatina Online","description":"Um help para a escola sabatina de sua igreja!","publisher":{"@id":"https:\/\/escolasabatinaonline.com.br\/site\/#organization"},"potentialAction":[{"@type":"SearchAction","target":{"@type":"EntryPoint","urlTemplate":"https:\/\/escolasabatinaonline.com.br\/site\/?s={search_term_string}"},"query-input":{"@type":"PropertyValueSpecification","valueRequired":true,"valueName":"search_term_string"}}],"inLanguage":"pt-BR"},{"@type":"Organization","@id":"https:\/\/escolasabatinaonline.com.br\/site\/#organization","name":"Escola Sabatina Online","url":"https:\/\/escolasabatinaonline.com.br\/site\/","logo":{"@type":"ImageObject","inLanguage":"pt-BR","@id":"https:\/\/escolasabatinaonline.com.br\/site\/#\/schema\/logo\/image\/","url":"https:\/\/escolasabatinaonline.com.br\/site\/wp-content\/uploads\/2025\/04\/logo.png","contentUrl":"https:\/\/escolasabatinaonline.com.br\/site\/wp-content\/uploads\/2025\/04\/logo.png","width":225,"height":225,"caption":"Escola Sabatina Online"},"image":{"@id":"https:\/\/escolasabatinaonline.com.br\/site\/#\/schema\/logo\/image\/"}}]}},"_links":{"self":[{"href":"https:\/\/escolasabatinaonline.com.br\/site\/wp-json\/wp\/v2\/product\/2003","targetHints":{"allow":["GET"]}}],"collection":[{"href":"https:\/\/escolasabatinaonline.com.br\/site\/wp-json\/wp\/v2\/product"}],"about":[{"href":"https:\/\/escolasabatinaonline.com.br\/site\/wp-json\/wp\/v2\/types\/product"}],"replies":[{"embeddable":true,"href":"https:\/\/escolasabatinaonline.com.br\/site\/wp-json\/wp\/v2\/comments?post=2003"}],"wp:featuredmedia":[{"embeddable":true,"href":"https:\/\/escolasabatinaonline.com.br\/site\/wp-json\/wp\/v2\/media\/2004"}],"wp:attachment":[{"href":"https:\/\/escolasabatinaonline.com.br\/site\/wp-json\/wp\/v2\/media?parent=2003"}],"wp:term":[{"taxonomy":"product_brand","embeddable":true,"href":"https:\/\/escolasabatinaonline.com.br\/site\/wp-json\/wp\/v2\/product_brand?post=2003"},{"taxonomy":"product_cat","embeddable":true,"href":"https:\/\/escolasabatinaonline.com.br\/site\/wp-json\/wp\/v2\/product_cat?post=2003"},{"taxonomy":"product_tag","embeddable":true,"href":"https:\/\/escolasabatinaonline.com.br\/site\/wp-json\/wp\/v2\/product_tag?post=2003"}],"curies":[{"name":"wp","href":"https:\/\/api.w.org\/{rel}","templated":true}]}}