{"id":1872,"date":"2025-09-14T20:33:19","date_gmt":"2025-09-14T23:33:19","guid":{"rendered":"https:\/\/escolasabatinaonline.com.br\/site\/?post_type=product&#038;p=1872"},"modified":"2025-10-14T23:09:48","modified_gmt":"2025-10-15T02:09:48","slug":"soldado-desarmado","status":"publish","type":"product","link":"https:\/\/escolasabatinaonline.com.br\/site\/produto\/soldado-desarmado\/","title":{"rendered":"Soldado Desarmado"},"content":{"rendered":"<p><strong>&#8220;Senhor, ajuda-me a salvar mais um.&#8221;<\/strong><\/p>\n<p>A artilharia pesada em Okinawa multiplicava as v\u00edtimas, mas n\u00e3o intimidou Desmond Doss, soldado e homem de f\u00e9. Com a coragem e a for\u00e7a da ora\u00e7\u00e3o acima, ele se recusou a procurar abrigo e carregou, um por um, seus companheiros ca\u00eddos at\u00e9 um local seguro.<\/p>\n<p>Em aproximadamente cinco horas ele resgatou todos os 75 feridos naquele ataque. Este e outros atos heroicos fizeram com que ele recebesse a mais alta distin\u00e7\u00e3o que se pode conferir a um soldado norte-americano: a Medalha de Honra.<\/p>\n<p>Por\u00e9m, sua hist\u00f3ria n\u00e3o termina em 1945. Houve muitas outras batalhas e vit\u00f3rias para o homem conhecido como &#8220;o mais improv\u00e1vel dos her\u00f3is&#8221;. Este livro conta cada uma delas.<\/p>\n<p>Da inf\u00e2ncia marcada por acidentes \u00e0 bravura na Segunda Guerra Mundial, da tr\u00e1gica perda de sua esposa Dorothy \u00e0s batalhas contra a surdez e o c\u00e2ncer, Desmond Doss viveu com devo\u00e7\u00e3o insuper\u00e1vel. Devo\u00e7\u00e3o a seu pa\u00eds, a suas convic\u00e7\u00f5es e, acima de tudo, a seu Deus.<\/p>\n","protected":false},"excerpt":{"rendered":"<p>Soldado Desarmado \u2013 Frances M. Doss | O her\u00f3i que resgatou at\u00e9 o \u00faltimo homem. P\u00e1ginas: 176 | Acabamento: Brochura<\/p>\n","protected":false},"featured_media":1873,"comment_status":"open","ping_status":"closed","template":"","meta":{"site-sidebar-layout":"default","site-content-layout":"","ast-site-content-layout":"default","site-content-style":"default","site-sidebar-style":"default","ast-global-header-display":"","ast-banner-title-visibility":"","ast-main-header-display":"","ast-hfb-above-header-display":"","ast-hfb-below-header-display":"","ast-hfb-mobile-header-display":"","site-post-title":"","ast-breadcrumbs-content":"","ast-featured-img":"","footer-sml-layout":"","ast-disable-related-posts":"","theme-transparent-header-meta":"default","adv-header-id-meta":"","stick-header-meta":"","header-above-stick-meta":"","header-main-stick-meta":"","header-below-stick-meta":"","astra-migrate-meta-layouts":"set","ast-page-background-enabled":"default","ast-page-background-meta":{"desktop":{"background-color":"var(--ast-global-color-5)","background-image":"","background-repeat":"repeat","background-position":"center center","background-size":"auto","background-attachment":"scroll","background-type":"","background-media":"","overlay-type":"","overlay-color":"","overlay-opacity":"","overlay-gradient":""},"tablet":{"background-color":"","background-image":"","background-repeat":"repeat","background-position":"center center","background-size":"auto","background-attachment":"scroll","background-type":"","background-media":"","overlay-type":"","overlay-color":"","overlay-opacity":"","overlay-gradient":""},"mobile":{"background-color":"","background-image":"","background-repeat":"repeat","background-position":"center center","background-size":"auto","background-attachment":"scroll","background-type":"","background-media":"","overlay-type":"","overlay-color":"","overlay-opacity":"","overlay-gradient":""}},"ast-content-background-meta":{"desktop":{"background-color":"var(--ast-global-color-4)","background-image":"","background-repeat":"repeat","background-position":"center center","background-size":"auto","background-attachment":"scroll","background-type":"","background-media":"","overlay-type":"","overlay-color":"","overlay-opacity":"","overlay-gradient":""},"tablet":{"background-color":"var(--ast-global-color-4)","background-image":"","background-repeat":"repeat","background-position":"center center","background-size":"auto","background-attachment":"scroll","background-type":"","background-media":"","overlay-type":"","overlay-color":"","overlay-opacity":"","overlay-gradient":""},"mobile":{"background-color":"var(--ast-global-color-4)","background-image":"","background-repeat":"repeat","background-position":"center center","background-size":"auto","background-attachment":"scroll","background-type":"","background-media":"","overlay-type":"","overlay-color":"","overlay-opacity":"","overlay-gradient":""}},"_joinchat":[]},"product_brand":[],"product_cat":[28],"product_tag":[33,29,32],"class_list":{"0":"post-1872","1":"product","2":"type-product","3":"status-publish","4":"has-post-thumbnail","6":"product_cat-fe","7":"product_tag-frances-m-doss","8":"product_tag-livro","9":"product_tag-soldado-desarmado","10":"desktop-align-left","11":"tablet-align-left","12":"mobile-align-left","14":"first","15":"instock","16":"shipping-taxable","17":"purchasable","18":"product-type-simple"},"yoast_head":"<!-- This site is optimized with the Yoast SEO plugin v27.0 - https:\/\/yoast.com\/product\/yoast-seo-wordpress\/ -->\n<title>Soldado Desarmado - Escola Sabatina Online<\/title>\n<meta name=\"description\" content=\"O livro foi escrito para confortar os que vivem angustiados e responder aos porqu\u00eas da vida, mostrando que, embora aqui tudo falhe, nem tudo est\u00e1 perdido, porque a impossibilidade do homem indica a oportunidade de Deus.\" \/>\n<meta name=\"robots\" content=\"index, follow, max-snippet:-1, max-image-preview:large, max-video-preview:-1\" \/>\n<link rel=\"canonical\" href=\"https:\/\/escolasabatinaonline.com.br\/site\/produto\/soldado-desarmado\/\" \/>\n<meta property=\"og:locale\" content=\"pt_BR\" \/>\n<meta property=\"og:type\" content=\"article\" \/>\n<meta property=\"og:title\" content=\"Soldado Desarmado - Escola Sabatina Online\" \/>\n<meta property=\"og:description\" content=\"O livro foi escrito para confortar os que vivem angustiados e responder aos porqu\u00eas da vida, mostrando que, embora aqui tudo falhe, nem tudo est\u00e1 perdido, porque a impossibilidade do homem indica a oportunidade de Deus.\" \/>\n<meta property=\"og:url\" content=\"https:\/\/escolasabatinaonline.com.br\/site\/produto\/soldado-desarmado\/\" \/>\n<meta property=\"og:site_name\" content=\"Escola Sabatina Online\" \/>\n<meta property=\"article:modified_time\" content=\"2025-10-15T02:09:48+00:00\" \/>\n<meta property=\"og:image\" content=\"https:\/\/escolasabatinaonline.com.br\/site\/wp-content\/uploads\/2025\/09\/soldado-desarmado.png\" \/>\n\t<meta property=\"og:image:width\" content=\"340\" \/>\n\t<meta property=\"og:image:height\" content=\"510\" \/>\n\t<meta property=\"og:image:type\" content=\"image\/png\" \/>\n<meta name=\"twitter:card\" content=\"summary_large_image\" \/>\n<meta name=\"twitter:label1\" content=\"Est. tempo de leitura\" \/>\n\t<meta name=\"twitter:data1\" content=\"2 minutos\" \/>\n<script type=\"application\/ld+json\" class=\"yoast-schema-graph\">{\"@context\":\"https:\/\/schema.org\",\"@graph\":[{\"@type\":\"WebPage\",\"@id\":\"https:\/\/escolasabatinaonline.com.br\/site\/produto\/soldado-desarmado\/\",\"url\":\"https:\/\/escolasabatinaonline.com.br\/site\/produto\/soldado-desarmado\/\",\"name\":\"Soldado Desarmado - Escola Sabatina Online\",\"isPartOf\":{\"@id\":\"https:\/\/escolasabatinaonline.com.br\/site\/#website\"},\"primaryImageOfPage\":{\"@id\":\"https:\/\/escolasabatinaonline.com.br\/site\/produto\/soldado-desarmado\/#primaryimage\"},\"image\":{\"@id\":\"https:\/\/escolasabatinaonline.com.br\/site\/produto\/soldado-desarmado\/#primaryimage\"},\"thumbnailUrl\":\"https:\/\/escolasabatinaonline.com.br\/site\/wp-content\/uploads\/2025\/09\/soldado-desarmado.png\",\"datePublished\":\"2025-09-14T23:33:19+00:00\",\"dateModified\":\"2025-10-15T02:09:48+00:00\",\"description\":\"O livro foi escrito para confortar os que vivem angustiados e responder aos porqu\u00eas da vida, mostrando que, embora aqui tudo falhe, nem tudo est\u00e1 perdido, porque a impossibilidade do homem indica a oportunidade de Deus.\",\"breadcrumb\":{\"@id\":\"https:\/\/escolasabatinaonline.com.br\/site\/produto\/soldado-desarmado\/#breadcrumb\"},\"inLanguage\":\"pt-BR\",\"potentialAction\":[{\"@type\":\"ReadAction\",\"target\":[\"https:\/\/escolasabatinaonline.com.br\/site\/produto\/soldado-desarmado\/\"]}]},{\"@type\":\"ImageObject\",\"inLanguage\":\"pt-BR\",\"@id\":\"https:\/\/escolasabatinaonline.com.br\/site\/produto\/soldado-desarmado\/#primaryimage\",\"url\":\"https:\/\/escolasabatinaonline.com.br\/site\/wp-content\/uploads\/2025\/09\/soldado-desarmado.png\",\"contentUrl\":\"https:\/\/escolasabatinaonline.com.br\/site\/wp-content\/uploads\/2025\/09\/soldado-desarmado.png\",\"width\":340,\"height\":510,\"caption\":\"Soldado Desarmado\"},{\"@type\":\"BreadcrumbList\",\"@id\":\"https:\/\/escolasabatinaonline.com.br\/site\/produto\/soldado-desarmado\/#breadcrumb\",\"itemListElement\":[{\"@type\":\"ListItem\",\"position\":1,\"name\":\"In\u00edcio\",\"item\":\"https:\/\/escolasabatinaonline.com.br\/site\/\"},{\"@type\":\"ListItem\",\"position\":2,\"name\":\"Loja\",\"item\":\"https:\/\/escolasabatinaonline.com.br\/site\/loja\/\"},{\"@type\":\"ListItem\",\"position\":3,\"name\":\"Soldado Desarmado\"}]},{\"@type\":\"WebSite\",\"@id\":\"https:\/\/escolasabatinaonline.com.br\/site\/#website\",\"url\":\"https:\/\/escolasabatinaonline.com.br\/site\/\",\"name\":\"Escola Sabatina Online\",\"description\":\"Um help para a escola sabatina de sua igreja!\",\"publisher\":{\"@id\":\"https:\/\/escolasabatinaonline.com.br\/site\/#organization\"},\"potentialAction\":[{\"@type\":\"SearchAction\",\"target\":{\"@type\":\"EntryPoint\",\"urlTemplate\":\"https:\/\/escolasabatinaonline.com.br\/site\/?s={search_term_string}\"},\"query-input\":{\"@type\":\"PropertyValueSpecification\",\"valueRequired\":true,\"valueName\":\"search_term_string\"}}],\"inLanguage\":\"pt-BR\"},{\"@type\":\"Organization\",\"@id\":\"https:\/\/escolasabatinaonline.com.br\/site\/#organization\",\"name\":\"Escola Sabatina Online\",\"url\":\"https:\/\/escolasabatinaonline.com.br\/site\/\",\"logo\":{\"@type\":\"ImageObject\",\"inLanguage\":\"pt-BR\",\"@id\":\"https:\/\/escolasabatinaonline.com.br\/site\/#\/schema\/logo\/image\/\",\"url\":\"https:\/\/escolasabatinaonline.com.br\/site\/wp-content\/uploads\/2025\/04\/logo.png\",\"contentUrl\":\"https:\/\/escolasabatinaonline.com.br\/site\/wp-content\/uploads\/2025\/04\/logo.png\",\"width\":225,\"height\":225,\"caption\":\"Escola Sabatina Online\"},\"image\":{\"@id\":\"https:\/\/escolasabatinaonline.com.br\/site\/#\/schema\/logo\/image\/\"}}]}<\/script>\n<!-- \/ Yoast SEO plugin. -->","yoast_head_json":{"title":"Soldado Desarmado - Escola Sabatina Online","description":"O livro foi escrito para confortar os que vivem angustiados e responder aos porqu\u00eas da vida, mostrando que, embora aqui tudo falhe, nem tudo est\u00e1 perdido, porque a impossibilidade do homem indica a oportunidade de Deus.","robots":{"index":"index","follow":"follow","max-snippet":"max-snippet:-1","max-image-preview":"max-image-preview:large","max-video-preview":"max-video-preview:-1"},"canonical":"https:\/\/escolasabatinaonline.com.br\/site\/produto\/soldado-desarmado\/","og_locale":"pt_BR","og_type":"article","og_title":"Soldado Desarmado - Escola Sabatina Online","og_description":"O livro foi escrito para confortar os que vivem angustiados e responder aos porqu\u00eas da vida, mostrando que, embora aqui tudo falhe, nem tudo est\u00e1 perdido, porque a impossibilidade do homem indica a oportunidade de Deus.","og_url":"https:\/\/escolasabatinaonline.com.br\/site\/produto\/soldado-desarmado\/","og_site_name":"Escola Sabatina Online","article_modified_time":"2025-10-15T02:09:48+00:00","og_image":[{"width":340,"height":510,"url":"https:\/\/escolasabatinaonline.com.br\/site\/wp-content\/uploads\/2025\/09\/soldado-desarmado.png","type":"image\/png"}],"twitter_card":"summary_large_image","twitter_misc":{"Est. tempo de leitura":"2 minutos"},"schema":{"@context":"https:\/\/schema.org","@graph":[{"@type":"WebPage","@id":"https:\/\/escolasabatinaonline.com.br\/site\/produto\/soldado-desarmado\/","url":"https:\/\/escolasabatinaonline.com.br\/site\/produto\/soldado-desarmado\/","name":"Soldado Desarmado - Escola Sabatina Online","isPartOf":{"@id":"https:\/\/escolasabatinaonline.com.br\/site\/#website"},"primaryImageOfPage":{"@id":"https:\/\/escolasabatinaonline.com.br\/site\/produto\/soldado-desarmado\/#primaryimage"},"image":{"@id":"https:\/\/escolasabatinaonline.com.br\/site\/produto\/soldado-desarmado\/#primaryimage"},"thumbnailUrl":"https:\/\/escolasabatinaonline.com.br\/site\/wp-content\/uploads\/2025\/09\/soldado-desarmado.png","datePublished":"2025-09-14T23:33:19+00:00","dateModified":"2025-10-15T02:09:48+00:00","description":"O livro foi escrito para confortar os que vivem angustiados e responder aos porqu\u00eas da vida, mostrando que, embora aqui tudo falhe, nem tudo est\u00e1 perdido, porque a impossibilidade do homem indica a oportunidade de Deus.","breadcrumb":{"@id":"https:\/\/escolasabatinaonline.com.br\/site\/produto\/soldado-desarmado\/#breadcrumb"},"inLanguage":"pt-BR","potentialAction":[{"@type":"ReadAction","target":["https:\/\/escolasabatinaonline.com.br\/site\/produto\/soldado-desarmado\/"]}]},{"@type":"ImageObject","inLanguage":"pt-BR","@id":"https:\/\/escolasabatinaonline.com.br\/site\/produto\/soldado-desarmado\/#primaryimage","url":"https:\/\/escolasabatinaonline.com.br\/site\/wp-content\/uploads\/2025\/09\/soldado-desarmado.png","contentUrl":"https:\/\/escolasabatinaonline.com.br\/site\/wp-content\/uploads\/2025\/09\/soldado-desarmado.png","width":340,"height":510,"caption":"Soldado Desarmado"},{"@type":"BreadcrumbList","@id":"https:\/\/escolasabatinaonline.com.br\/site\/produto\/soldado-desarmado\/#breadcrumb","itemListElement":[{"@type":"ListItem","position":1,"name":"In\u00edcio","item":"https:\/\/escolasabatinaonline.com.br\/site\/"},{"@type":"ListItem","position":2,"name":"Loja","item":"https:\/\/escolasabatinaonline.com.br\/site\/loja\/"},{"@type":"ListItem","position":3,"name":"Soldado Desarmado"}]},{"@type":"WebSite","@id":"https:\/\/escolasabatinaonline.com.br\/site\/#website","url":"https:\/\/escolasabatinaonline.com.br\/site\/","name":"Escola Sabatina Online","description":"Um help para a escola sabatina de sua igreja!","publisher":{"@id":"https:\/\/escolasabatinaonline.com.br\/site\/#organization"},"potentialAction":[{"@type":"SearchAction","target":{"@type":"EntryPoint","urlTemplate":"https:\/\/escolasabatinaonline.com.br\/site\/?s={search_term_string}"},"query-input":{"@type":"PropertyValueSpecification","valueRequired":true,"valueName":"search_term_string"}}],"inLanguage":"pt-BR"},{"@type":"Organization","@id":"https:\/\/escolasabatinaonline.com.br\/site\/#organization","name":"Escola Sabatina Online","url":"https:\/\/escolasabatinaonline.com.br\/site\/","logo":{"@type":"ImageObject","inLanguage":"pt-BR","@id":"https:\/\/escolasabatinaonline.com.br\/site\/#\/schema\/logo\/image\/","url":"https:\/\/escolasabatinaonline.com.br\/site\/wp-content\/uploads\/2025\/04\/logo.png","contentUrl":"https:\/\/escolasabatinaonline.com.br\/site\/wp-content\/uploads\/2025\/04\/logo.png","width":225,"height":225,"caption":"Escola Sabatina Online"},"image":{"@id":"https:\/\/escolasabatinaonline.com.br\/site\/#\/schema\/logo\/image\/"}}]}},"_links":{"self":[{"href":"https:\/\/escolasabatinaonline.com.br\/site\/wp-json\/wp\/v2\/product\/1872","targetHints":{"allow":["GET"]}}],"collection":[{"href":"https:\/\/escolasabatinaonline.com.br\/site\/wp-json\/wp\/v2\/product"}],"about":[{"href":"https:\/\/escolasabatinaonline.com.br\/site\/wp-json\/wp\/v2\/types\/product"}],"replies":[{"embeddable":true,"href":"https:\/\/escolasabatinaonline.com.br\/site\/wp-json\/wp\/v2\/comments?post=1872"}],"wp:featuredmedia":[{"embeddable":true,"href":"https:\/\/escolasabatinaonline.com.br\/site\/wp-json\/wp\/v2\/media\/1873"}],"wp:attachment":[{"href":"https:\/\/escolasabatinaonline.com.br\/site\/wp-json\/wp\/v2\/media?parent=1872"}],"wp:term":[{"taxonomy":"product_brand","embeddable":true,"href":"https:\/\/escolasabatinaonline.com.br\/site\/wp-json\/wp\/v2\/product_brand?post=1872"},{"taxonomy":"product_cat","embeddable":true,"href":"https:\/\/escolasabatinaonline.com.br\/site\/wp-json\/wp\/v2\/product_cat?post=1872"},{"taxonomy":"product_tag","embeddable":true,"href":"https:\/\/escolasabatinaonline.com.br\/site\/wp-json\/wp\/v2\/product_tag?post=1872"}],"curies":[{"name":"wp","href":"https:\/\/api.w.org\/{rel}","templated":true}]}}