{"id":12,"date":"2025-04-10T14:18:52","date_gmt":"2025-04-10T14:18:52","guid":{"rendered":"https:\/\/escolasabatinaonline.com.br\/site\/?page_id=12"},"modified":"2026-03-01T17:24:36","modified_gmt":"2026-03-01T20:24:36","slug":"sobre","status":"publish","type":"page","link":"https:\/\/escolasabatinaonline.com.br\/site\/sobre\/","title":{"rendered":"Sobre"},"content":{"rendered":"\t\t<div data-elementor-type=\"wp-page\" data-elementor-id=\"12\" class=\"elementor elementor-12\" data-elementor-post-type=\"page\">\n\t\t\t\t<div class=\"elementor-element elementor-element-94a0ddd e-flex e-con-boxed e-con e-parent\" data-id=\"94a0ddd\" data-element_type=\"container\" data-e-type=\"container\">\n\t\t\t\t\t<div class=\"e-con-inner\">\n\t\t\t\t<div class=\"elementor-element elementor-element-6d7c0c5 elementor-widget elementor-widget-text-editor\" data-id=\"6d7c0c5\" data-element_type=\"widget\" data-e-type=\"widget\" data-widget_type=\"text-editor.default\">\n\t\t\t\t<div class=\"elementor-widget-container\">\n\t\t\t\t\t\t\t\t\t<p>Ol\u00e1, sou o irm\u00e3o Lucas Dresler, membro ativo da Iasd do Valo Velho, regi\u00e3o Sul da Cidade de S\u00e3o Paulo. Apaixonado pela Escola Sabatina, mantenho este site como apoio \u00e0 todos que se interessam em torn\u00e1-la pr\u00f3spera.<\/p><p>Conto com a ajuda, primeiramente de Deus, e dos irm\u00e3os em ora\u00e7\u00f5es e caso queiram, e possam, tamb\u00e9m com sua generosa oferta em prol deste importante minist\u00e9rio, atrav\u00e9s do Pix: (11)98433-8381 | Wellington Lucas.\u00a0<\/p><p>Que o Senhor Jesus continue aben\u00e7oando os nossos esfor\u00e7os!<\/p><p>\u00a0<\/p><p><img fetchpriority=\"high\" decoding=\"async\" class=\"alignnone size-full wp-image-2219\" src=\"https:\/\/escolasabatinaonline.com.br\/site\/wp-content\/uploads\/2026\/02\/eisocaminho.jpg\" alt=\"Eis o caminho\" width=\"259\" height=\"194\" \/><\/p>\t\t\t\t\t\t\t\t<\/div>\n\t\t\t\t<\/div>\n\t\t\t\t\t<\/div>\n\t\t\t\t<\/div>\n\t\t\t\t<\/div>\n\t\t","protected":false},"excerpt":{"rendered":"<p>Ol\u00e1, sou o irm\u00e3o Lucas Dresler, membro ativo da Iasd do Valo Velho, regi\u00e3o Sul da Cidade de S\u00e3o Paulo. [&hellip;]<\/p>\n","protected":false},"author":1,"featured_media":0,"parent":0,"menu_order":0,"comment_status":"closed","ping_status":"closed","template":"elementor_header_footer","meta":{"site-sidebar-layout":"no-sidebar","site-content-layout":"","ast-site-content-layout":"full-width-container","site-content-style":"default","site-sidebar-style":"default","ast-global-header-display":"","ast-banner-title-visibility":"","ast-main-header-display":"","ast-hfb-above-header-display":"","ast-hfb-below-header-display":"","ast-hfb-mobile-header-display":"","site-post-title":"disabled","ast-breadcrumbs-content":"","ast-featured-img":"disabled","footer-sml-layout":"","ast-disable-related-posts":"","theme-transparent-header-meta":"","adv-header-id-meta":"","stick-header-meta":"","header-above-stick-meta":"","header-main-stick-meta":"","header-below-stick-meta":"","astra-migrate-meta-layouts":"default","ast-page-background-enabled":"default","ast-page-background-meta":{"desktop":{"background-color":"var(--ast-global-color-5)","background-image":"","background-repeat":"repeat","background-position":"center center","background-size":"auto","background-attachment":"scroll","background-type":"","background-media":"","overlay-type":"","overlay-color":"","overlay-opacity":"","overlay-gradient":""},"tablet":{"background-color":"","background-image":"","background-repeat":"repeat","background-position":"center center","background-size":"auto","background-attachment":"scroll","background-type":"","background-media":"","overlay-type":"","overlay-color":"","overlay-opacity":"","overlay-gradient":""},"mobile":{"background-color":"","background-image":"","background-repeat":"repeat","background-position":"center center","background-size":"auto","background-attachment":"scroll","background-type":"","background-media":"","overlay-type":"","overlay-color":"","overlay-opacity":"","overlay-gradient":""}},"ast-content-background-meta":{"desktop":{"background-color":"var(--ast-global-color-4)","background-image":"","background-repeat":"repeat","background-position":"center center","background-size":"auto","background-attachment":"scroll","background-type":"","background-media":"","overlay-type":"","overlay-color":"","overlay-opacity":"","overlay-gradient":""},"tablet":{"background-color":"var(--ast-global-color-4)","background-image":"","background-repeat":"repeat","background-position":"center center","background-size":"auto","background-attachment":"scroll","background-type":"","background-media":"","overlay-type":"","overlay-color":"","overlay-opacity":"","overlay-gradient":""},"mobile":{"background-color":"var(--ast-global-color-4)","background-image":"","background-repeat":"repeat","background-position":"center center","background-size":"auto","background-attachment":"scroll","background-type":"","background-media":"","overlay-type":"","overlay-color":"","overlay-opacity":"","overlay-gradient":""}},"_joinchat":[],"footnotes":""},"class_list":["post-12","page","type-page","status-publish","hentry"],"yoast_head":"<!-- This site is optimized with the Yoast SEO plugin v27.0 - https:\/\/yoast.com\/product\/yoast-seo-wordpress\/ -->\n<title>Sobre - Escola Sabatina Online<\/title>\n<meta name=\"robots\" content=\"index, follow, max-snippet:-1, max-image-preview:large, max-video-preview:-1\" \/>\n<link rel=\"canonical\" href=\"https:\/\/escolasabatinaonline.com.br\/site\/sobre\/\" \/>\n<meta property=\"og:locale\" content=\"pt_BR\" \/>\n<meta property=\"og:type\" content=\"article\" \/>\n<meta property=\"og:title\" content=\"Sobre - Escola Sabatina Online\" \/>\n<meta property=\"og:description\" content=\"Ol\u00e1, sou o irm\u00e3o Lucas Dresler, membro ativo da Iasd do Valo Velho, regi\u00e3o Sul da Cidade de S\u00e3o Paulo. [&hellip;]\" \/>\n<meta property=\"og:url\" content=\"https:\/\/escolasabatinaonline.com.br\/site\/sobre\/\" \/>\n<meta property=\"og:site_name\" content=\"Escola Sabatina Online\" \/>\n<meta property=\"article:modified_time\" content=\"2026-03-01T20:24:36+00:00\" \/>\n<meta property=\"og:image\" content=\"https:\/\/escolasabatinaonline.com.br\/site\/wp-content\/uploads\/2026\/02\/eisocaminho.jpg\" \/>\n<meta name=\"twitter:card\" content=\"summary_large_image\" \/>\n<meta name=\"twitter:label1\" content=\"Est. tempo de leitura\" \/>\n\t<meta name=\"twitter:data1\" content=\"1 minuto\" \/>\n<script type=\"application\/ld+json\" class=\"yoast-schema-graph\">{\"@context\":\"https:\/\/schema.org\",\"@graph\":[{\"@type\":\"WebPage\",\"@id\":\"https:\/\/escolasabatinaonline.com.br\/site\/sobre\/\",\"url\":\"https:\/\/escolasabatinaonline.com.br\/site\/sobre\/\",\"name\":\"Sobre - Escola Sabatina Online\",\"isPartOf\":{\"@id\":\"https:\/\/escolasabatinaonline.com.br\/site\/#website\"},\"primaryImageOfPage\":{\"@id\":\"https:\/\/escolasabatinaonline.com.br\/site\/sobre\/#primaryimage\"},\"image\":{\"@id\":\"https:\/\/escolasabatinaonline.com.br\/site\/sobre\/#primaryimage\"},\"thumbnailUrl\":\"https:\/\/escolasabatinaonline.com.br\/site\/wp-content\/uploads\/2026\/02\/eisocaminho.jpg\",\"datePublished\":\"2025-04-10T14:18:52+00:00\",\"dateModified\":\"2026-03-01T20:24:36+00:00\",\"breadcrumb\":{\"@id\":\"https:\/\/escolasabatinaonline.com.br\/site\/sobre\/#breadcrumb\"},\"inLanguage\":\"pt-BR\",\"potentialAction\":[{\"@type\":\"ReadAction\",\"target\":[\"https:\/\/escolasabatinaonline.com.br\/site\/sobre\/\"]}]},{\"@type\":\"ImageObject\",\"inLanguage\":\"pt-BR\",\"@id\":\"https:\/\/escolasabatinaonline.com.br\/site\/sobre\/#primaryimage\",\"url\":\"https:\/\/escolasabatinaonline.com.br\/site\/wp-content\/uploads\/2026\/02\/eisocaminho.jpg\",\"contentUrl\":\"https:\/\/escolasabatinaonline.com.br\/site\/wp-content\/uploads\/2026\/02\/eisocaminho.jpg\",\"width\":259,\"height\":194,\"caption\":\"Eis o caminho\"},{\"@type\":\"BreadcrumbList\",\"@id\":\"https:\/\/escolasabatinaonline.com.br\/site\/sobre\/#breadcrumb\",\"itemListElement\":[{\"@type\":\"ListItem\",\"position\":1,\"name\":\"In\u00edcio\",\"item\":\"https:\/\/escolasabatinaonline.com.br\/site\/\"},{\"@type\":\"ListItem\",\"position\":2,\"name\":\"Sobre\"}]},{\"@type\":\"WebSite\",\"@id\":\"https:\/\/escolasabatinaonline.com.br\/site\/#website\",\"url\":\"https:\/\/escolasabatinaonline.com.br\/site\/\",\"name\":\"Escola Sabatina Online\",\"description\":\"Um help para a escola sabatina de sua igreja!\",\"publisher\":{\"@id\":\"https:\/\/escolasabatinaonline.com.br\/site\/#organization\"},\"potentialAction\":[{\"@type\":\"SearchAction\",\"target\":{\"@type\":\"EntryPoint\",\"urlTemplate\":\"https:\/\/escolasabatinaonline.com.br\/site\/?s={search_term_string}\"},\"query-input\":{\"@type\":\"PropertyValueSpecification\",\"valueRequired\":true,\"valueName\":\"search_term_string\"}}],\"inLanguage\":\"pt-BR\"},{\"@type\":\"Organization\",\"@id\":\"https:\/\/escolasabatinaonline.com.br\/site\/#organization\",\"name\":\"Escola Sabatina Online\",\"url\":\"https:\/\/escolasabatinaonline.com.br\/site\/\",\"logo\":{\"@type\":\"ImageObject\",\"inLanguage\":\"pt-BR\",\"@id\":\"https:\/\/escolasabatinaonline.com.br\/site\/#\/schema\/logo\/image\/\",\"url\":\"https:\/\/escolasabatinaonline.com.br\/site\/wp-content\/uploads\/2025\/04\/logo.png\",\"contentUrl\":\"https:\/\/escolasabatinaonline.com.br\/site\/wp-content\/uploads\/2025\/04\/logo.png\",\"width\":225,\"height\":225,\"caption\":\"Escola Sabatina Online\"},\"image\":{\"@id\":\"https:\/\/escolasabatinaonline.com.br\/site\/#\/schema\/logo\/image\/\"}}]}<\/script>\n<!-- \/ Yoast SEO plugin. -->","yoast_head_json":{"title":"Sobre - Escola Sabatina Online","robots":{"index":"index","follow":"follow","max-snippet":"max-snippet:-1","max-image-preview":"max-image-preview:large","max-video-preview":"max-video-preview:-1"},"canonical":"https:\/\/escolasabatinaonline.com.br\/site\/sobre\/","og_locale":"pt_BR","og_type":"article","og_title":"Sobre - Escola Sabatina Online","og_description":"Ol\u00e1, sou o irm\u00e3o Lucas Dresler, membro ativo da Iasd do Valo Velho, regi\u00e3o Sul da Cidade de S\u00e3o Paulo. [&hellip;]","og_url":"https:\/\/escolasabatinaonline.com.br\/site\/sobre\/","og_site_name":"Escola Sabatina Online","article_modified_time":"2026-03-01T20:24:36+00:00","og_image":[{"url":"https:\/\/escolasabatinaonline.com.br\/site\/wp-content\/uploads\/2026\/02\/eisocaminho.jpg","type":"","width":"","height":""}],"twitter_card":"summary_large_image","twitter_misc":{"Est. tempo de leitura":"1 minuto"},"schema":{"@context":"https:\/\/schema.org","@graph":[{"@type":"WebPage","@id":"https:\/\/escolasabatinaonline.com.br\/site\/sobre\/","url":"https:\/\/escolasabatinaonline.com.br\/site\/sobre\/","name":"Sobre - Escola Sabatina Online","isPartOf":{"@id":"https:\/\/escolasabatinaonline.com.br\/site\/#website"},"primaryImageOfPage":{"@id":"https:\/\/escolasabatinaonline.com.br\/site\/sobre\/#primaryimage"},"image":{"@id":"https:\/\/escolasabatinaonline.com.br\/site\/sobre\/#primaryimage"},"thumbnailUrl":"https:\/\/escolasabatinaonline.com.br\/site\/wp-content\/uploads\/2026\/02\/eisocaminho.jpg","datePublished":"2025-04-10T14:18:52+00:00","dateModified":"2026-03-01T20:24:36+00:00","breadcrumb":{"@id":"https:\/\/escolasabatinaonline.com.br\/site\/sobre\/#breadcrumb"},"inLanguage":"pt-BR","potentialAction":[{"@type":"ReadAction","target":["https:\/\/escolasabatinaonline.com.br\/site\/sobre\/"]}]},{"@type":"ImageObject","inLanguage":"pt-BR","@id":"https:\/\/escolasabatinaonline.com.br\/site\/sobre\/#primaryimage","url":"https:\/\/escolasabatinaonline.com.br\/site\/wp-content\/uploads\/2026\/02\/eisocaminho.jpg","contentUrl":"https:\/\/escolasabatinaonline.com.br\/site\/wp-content\/uploads\/2026\/02\/eisocaminho.jpg","width":259,"height":194,"caption":"Eis o caminho"},{"@type":"BreadcrumbList","@id":"https:\/\/escolasabatinaonline.com.br\/site\/sobre\/#breadcrumb","itemListElement":[{"@type":"ListItem","position":1,"name":"In\u00edcio","item":"https:\/\/escolasabatinaonline.com.br\/site\/"},{"@type":"ListItem","position":2,"name":"Sobre"}]},{"@type":"WebSite","@id":"https:\/\/escolasabatinaonline.com.br\/site\/#website","url":"https:\/\/escolasabatinaonline.com.br\/site\/","name":"Escola Sabatina Online","description":"Um help para a escola sabatina de sua igreja!","publisher":{"@id":"https:\/\/escolasabatinaonline.com.br\/site\/#organization"},"potentialAction":[{"@type":"SearchAction","target":{"@type":"EntryPoint","urlTemplate":"https:\/\/escolasabatinaonline.com.br\/site\/?s={search_term_string}"},"query-input":{"@type":"PropertyValueSpecification","valueRequired":true,"valueName":"search_term_string"}}],"inLanguage":"pt-BR"},{"@type":"Organization","@id":"https:\/\/escolasabatinaonline.com.br\/site\/#organization","name":"Escola Sabatina Online","url":"https:\/\/escolasabatinaonline.com.br\/site\/","logo":{"@type":"ImageObject","inLanguage":"pt-BR","@id":"https:\/\/escolasabatinaonline.com.br\/site\/#\/schema\/logo\/image\/","url":"https:\/\/escolasabatinaonline.com.br\/site\/wp-content\/uploads\/2025\/04\/logo.png","contentUrl":"https:\/\/escolasabatinaonline.com.br\/site\/wp-content\/uploads\/2025\/04\/logo.png","width":225,"height":225,"caption":"Escola Sabatina Online"},"image":{"@id":"https:\/\/escolasabatinaonline.com.br\/site\/#\/schema\/logo\/image\/"}}]}},"_links":{"self":[{"href":"https:\/\/escolasabatinaonline.com.br\/site\/wp-json\/wp\/v2\/pages\/12","targetHints":{"allow":["GET"]}}],"collection":[{"href":"https:\/\/escolasabatinaonline.com.br\/site\/wp-json\/wp\/v2\/pages"}],"about":[{"href":"https:\/\/escolasabatinaonline.com.br\/site\/wp-json\/wp\/v2\/types\/page"}],"author":[{"embeddable":true,"href":"https:\/\/escolasabatinaonline.com.br\/site\/wp-json\/wp\/v2\/users\/1"}],"replies":[{"embeddable":true,"href":"https:\/\/escolasabatinaonline.com.br\/site\/wp-json\/wp\/v2\/comments?post=12"}],"version-history":[{"count":37,"href":"https:\/\/escolasabatinaonline.com.br\/site\/wp-json\/wp\/v2\/pages\/12\/revisions"}],"predecessor-version":[{"id":2279,"href":"https:\/\/escolasabatinaonline.com.br\/site\/wp-json\/wp\/v2\/pages\/12\/revisions\/2279"}],"wp:attachment":[{"href":"https:\/\/escolasabatinaonline.com.br\/site\/wp-json\/wp\/v2\/media?parent=12"}],"curies":[{"name":"wp","href":"https:\/\/api.w.org\/{rel}","templated":true}]}}